{"id":422,"date":"2022-07-19T12:46:58","date_gmt":"2022-07-19T10:46:58","guid":{"rendered":"https:\/\/nuitdesepouvantails.ch\/site\/?page_id=422"},"modified":"2024-08-14T16:26:17","modified_gmt":"2024-08-14T14:26:17","slug":"benevoles","status":"publish","type":"page","link":"https:\/\/site.nuitdesepouvantails.ch\/?page_id=422","title":{"rendered":"B\u00e9n\u00e9voles"},"content":{"rendered":"<p>[et_pb_section fb_built=\u00a0\u00bb1&Prime; _builder_version=\u00a0\u00bb4.17.6&Prime; _module_preset=\u00a0\u00bbdefault\u00a0\u00bb da_disable_devices=\u00a0\u00bboff|off|off\u00a0\u00bb global_colors_info=\u00a0\u00bb{}\u00a0\u00bb da_is_popup=\u00a0\u00bboff\u00a0\u00bb da_exit_intent=\u00a0\u00bboff\u00a0\u00bb da_has_close=\u00a0\u00bbon\u00a0\u00bb da_alt_close=\u00a0\u00bboff\u00a0\u00bb da_dark_close=\u00a0\u00bboff\u00a0\u00bb da_not_modal=\u00a0\u00bbon\u00a0\u00bb da_is_singular=\u00a0\u00bboff\u00a0\u00bb da_with_loader=\u00a0\u00bboff\u00a0\u00bb da_has_shadow=\u00a0\u00bbon\u00a0\u00bb][et_pb_row _builder_version=\u00a0\u00bb4.17.6&Prime; _module_preset=\u00a0\u00bbdefault\u00a0\u00bb hover_enabled=\u00a0\u00bb0&Prime; global_colors_info=\u00a0\u00bb{}\u00a0\u00bb sticky_enabled=\u00a0\u00bb0&Prime;][et_pb_column type=\u00a0\u00bb4_4&Prime; _builder_version=\u00a0\u00bb4.17.6&Prime; _module_preset=\u00a0\u00bbdefault\u00a0\u00bb global_colors_info=\u00a0\u00bb{}\u00a0\u00bb][et_pb_code _builder_version=\u00a0\u00bb4.27.0&Prime; _module_preset=\u00a0\u00bbdefault\u00a0\u00bb hover_enabled=\u00a0\u00bb0&Prime; global_colors_info=\u00a0\u00bb{}\u00a0\u00bb disabled_on=\u00a0\u00bbon|on|on\u00a0\u00bb disabled=\u00a0\u00bbon\u00a0\u00bb sticky_enabled=\u00a0\u00bb0&Prime;]\n\t\t<div class=\"volunteer-opps flexible\">\n\n\t\t\t\n\t\t\t\t<p class=\"no-opps\">D\u00e9sol\u00e9, aucune opportunit\u00e9 de b\u00e9n\u00e9volat n'est disponible pour le moment.<\/p>\n\n\t\t\t\n\t\t<div class=\"navigation volunteer-opps-navigation\">\n\t\t\t<div class=\"alignleft\"><\/div>\n\t\t\t<div class=\"alignright\"><\/div>\n\t\t<\/div>\n\n\t\t\n\t\t<\/div><!-- .volunteer-opps -->\n\n\t\t[\/et_pb_code][et_pb_code _builder_version=\u00a0\u00bb4.17.6&Prime; _module_preset=\u00a0\u00bbdefault\u00a0\u00bb global_colors_info=\u00a0\u00bb{}\u00a0\u00bb]\n\t\t<div class=\"volunteer-opps one-time\">\n\n\t\t\t\n\t\t\t\t<p class=\"no-opps\">D\u00e9sol\u00e9, aucune opportunit\u00e9 de b\u00e9n\u00e9volat n'est disponible pour le moment.<\/p>\n\n\t\t\t\n\t\t<div class=\"navigation volunteer-opps-navigation\">\n\t\t\t<div class=\"alignleft\"><\/div>\n\t\t\t<div class=\"alignright\"><\/div>\n\t\t<\/div>\n\n\t\t\n\t\t<\/div><!-- .volunteer-opps -->\n\n\t\t[\/et_pb_code][\/et_pb_column][\/et_pb_row][\/et_pb_section]<\/p>\n","protected":false},"excerpt":{"rendered":"<p>\n\t\t<div class=\"volunteer-opps flexible\">\n\n\t\t\t\n\t\t\t\t<p class=\"no-opps\">D\u00e9sol\u00e9, aucune opportunit\u00e9 de b\u00e9n\u00e9volat n'est disponible pour le moment.<\/p>\n\n\t\t\t\n\t\t<div class=\"navigation volunteer-opps-navigation\">\n\t\t\t<div class=\"alignleft\"><\/div>\n\t\t\t<div class=\"alignright\"><\/div>\n\t\t<\/div>\n\n\t\t\n\t\t<\/div><!-- .volunteer-opps -->\n\n\t\t\n\t\t<div class=\"volunteer-opps one-time\">\n\n\t\t\t\n\t\t\t\t<p class=\"no-opps\">D\u00e9sol\u00e9, aucune opportunit\u00e9 de b\u00e9n\u00e9volat n'est disponible pour le moment.<\/p>\n\n\t\t\t\n\t\t<div class=\"navigation volunteer-opps-navigation\">\n\t\t\t<div class=\"alignleft\"><\/div>\n\t\t\t<div class=\"alignright\"><\/div>\n\t\t<\/div>\n\n\t\t\n\t\t<\/div><!-- .volunteer-opps -->\n\n\t\t<\/p>\n","protected":false},"author":17,"featured_media":0,"parent":0,"menu_order":0,"comment_status":"closed","ping_status":"closed","template":"","meta":{"_et_pb_use_builder":"on","_et_pb_old_content":"","_et_gb_content_width":"","footnotes":""},"class_list":["post-422","page","type-page","status-publish","hentry"],"_links":{"self":[{"href":"https:\/\/site.nuitdesepouvantails.ch\/index.php?rest_route=\/wp\/v2\/pages\/422","targetHints":{"allow":["GET"]}}],"collection":[{"href":"https:\/\/site.nuitdesepouvantails.ch\/index.php?rest_route=\/wp\/v2\/pages"}],"about":[{"href":"https:\/\/site.nuitdesepouvantails.ch\/index.php?rest_route=\/wp\/v2\/types\/page"}],"author":[{"embeddable":true,"href":"https:\/\/site.nuitdesepouvantails.ch\/index.php?rest_route=\/wp\/v2\/users\/17"}],"replies":[{"embeddable":true,"href":"https:\/\/site.nuitdesepouvantails.ch\/index.php?rest_route=%2Fwp%2Fv2%2Fcomments&post=422"}],"version-history":[{"count":7,"href":"https:\/\/site.nuitdesepouvantails.ch\/index.php?rest_route=\/wp\/v2\/pages\/422\/revisions"}],"predecessor-version":[{"id":4297,"href":"https:\/\/site.nuitdesepouvantails.ch\/index.php?rest_route=\/wp\/v2\/pages\/422\/revisions\/4297"}],"wp:attachment":[{"href":"https:\/\/site.nuitdesepouvantails.ch\/index.php?rest_route=%2Fwp%2Fv2%2Fmedia&parent=422"}],"curies":[{"name":"wp","href":"https:\/\/api.w.org\/{rel}","templated":true}]}}